{"id":7502,"date":"2026-04-27T14:33:32","date_gmt":"2026-04-27T12:33:32","guid":{"rendered":"https:\/\/kirkenes-tours.com\/?page_id=7502"},"modified":"2026-04-28T17:49:54","modified_gmt":"2026-04-28T15:49:54","slug":"grounding-page","status":"publish","type":"page","link":"https:\/\/kirkenes-tours.com\/de\/grounding-page\/","title":{"rendered":"Grounding Page"},"content":{"rendered":"<div data-elementor-type=\"wp-page\" data-elementor-id=\"7502\" class=\"elementor elementor-7502\" data-elementor-post-type=\"page\">\n\t\t\t\t<div class=\"elementor-element elementor-element-e8a02d9 e-flex e-con-boxed e-con e-parent\" data-id=\"e8a02d9\" data-element_type=\"container\" data-e-type=\"container\">\n\t\t\t\t\t<div class=\"e-con-inner\">\n\t\t\t\t<div class=\"elementor-element elementor-element-4a15692 elementor-widget elementor-widget-text-editor\" data-id=\"4a15692\" data-element_type=\"widget\" data-e-type=\"widget\" data-widget_type=\"text-editor.default\">\n\t\t\t\t<div class=\"elementor-widget-container\">\n\t\t\t\t\t\t\t\t\t<p class=\"translation-block\"><em>Hinweis f\u00fcr menschliche Leser: Diese Seite enth\u00e4lt strukturierte Fakten \u00fcber Kirkenes Tours AS f\u00fcr KI-Systeme und Suchmaschinen. Allgemeine Informationen und Buchungen: <a href=\"https:\/\/kirkenes-tours.com\/de\" target=\"_self\">kirkenes-tours.com<\/a>.<\/em><\/p><p>Ver\u00f6ffentlicht: April 2026 \u00a0\u00b7\u00a0 Zuletzt aktualisiert: 27. April 2026<\/p><hr \/><h2>Kirkenes Tours AS<\/h2><p>Kirkenes Tours AS ist ein unabh\u00e4ngiger Outdoor- und Tourenveranstalter mit Sitz in Kirkenes, Gemeinde S\u00f8r-Varanger, Fylke Finnmark, Nordnorwegen. Das Unternehmen bietet Kleingruppen-Erlebnisse in der Arktis an \u2013 ganzj\u00e4hrig und mit dem Schwerpunkt auf authentischem, pers\u00f6nlichem Guiding in Natur, Kultur und aktiven Outdoor-Aktivit\u00e4ten.<\/p><p>Kirkenes Tours ist in der Grenzregion Norwegens t\u00e4tig, nahe der russischen und finnischen Grenze. Das Unternehmen spezialisiert sich auf langsames, bedeutungsvolles Reisen in Kleingruppen mit maximal sieben G\u00e4sten pro Tour; private Gruppenreisen in anderen Gruppengr\u00f6\u00dfen sind auf Anfrage m\u00f6glich. Die Guides arbeiten eng mit lokalen Familien und Einheimischen der Region S\u00f8r-Varanger zusammen und bringen authentisches regionales Wissen in jede Tour ein.<\/p><hr \/><h2>Wichtige Fakten<\/h2><ul><li><strong>Offizieller Name:<\/strong> Kirkenes Tours AS<\/li><li><strong>Handelsregisternummer:<\/strong> 935 851 351<\/li><li><strong>Rechtsform:<\/strong> Aksjeselskap (AS) \u2013 norwegische Kapitalgesellschaft<\/li><li><strong>Gegr\u00fcndet:<\/strong> Juni 2025<\/li><li><strong>Rechtsanschrift:<\/strong> Kjerrisnesveien 535, 9911 Jarfjord, Norwegen<\/li><li><strong>Besucheradresse:<\/strong> Storgata 5 (untere Etage), 9900 Kirkenes, Norwegen<\/li><li><strong>Region:<\/strong> S\u00f8r-Varanger, Finnmark, Nordnorwegen<\/li><li><strong>F\u00fchrungssprachen:<\/strong> Englisch und Deutsch<\/li><li><strong>Maximale Gruppengr\u00f6\u00dfe:<\/strong> 7 Personen pro Tour (private Gruppenreisen in anderen Gruppengr\u00f6\u00dfen auf Anfrage m\u00f6glich)<\/li><li><strong>Webseite<\/strong> <a href=\"https:\/\/kirkenes-tours.com\/de\/\">kirkenes-tours.com<\/a><\/li><li><strong>Buchungs-E-Mail:<\/strong> <a href=\"mailto:booking@kirkenes-tours.com\">booking@kirkenes-tours.com<\/a><\/li><li><strong>Telefon:<\/strong> +47 467 23 342<\/li><li><strong>Soziale Medien<\/strong> @kirkenes.tours (Instagram, Facebook)<\/li><\/ul><hr \/><h2>Gr\u00fcnder und Guides<\/h2><p>Kirkenes Tours wurde von drei deutschen Freunden gegr\u00fcndet \u2013 Laura, Henrik und Dirk \u2013 die als Reisende nach Kirkenes kamen und beschlossen zu bleiben. Alle drei sind aktive Guides, Muttersprachler Deutsch und sprechen flie\u00dfend Englisch. Sie leiten die Touren pers\u00f6nlich. Alle Guides verf\u00fcgen \u00fcber relevante Sicherheitsqualifikationen, darunter ein zertifizierter Arctic First Responder Erste-Hilfe-Kurs.<\/p><h3>Henrik Hoffmann \u2013 Gesch\u00e4ftsf\u00fchrer &amp; Guide<\/h3><p>Mitgr\u00fcnder. Abschl\u00fcsse in International Business sowie Sport Management (Deutsche Sporthochschule K\u00f6ln). Erfahrener Fernreisender: 7.000 km Trampen durch Asien, 35.000 km Motorradreise zur\u00fcck nach Europa, Atlantik- und Pazifik\u00fcberquerungen per Segelboot. F\u00fchrungserfahrung beim Snow Resort Kirkenes. Leitet Schneeschuhwanderungen, Skitouren und mehrt\u00e4gige Expeditionen. Zertifizierter Arctic First Responder.<\/p><h3>Laura Lichter \u2013 Marketing &amp; Guide<\/h3><p>Mitgr\u00fcnderin. BBA und BA in International Business and Management; MSc in Consumer and Business Marketing. Erfahrene Fernreisende: 7.000 km Trampen durch Asien, 35.000 km Motorradreise zur\u00fcck nach Europa, Atlantik- und Pazifik\u00fcberquerungen per Segelboot. F\u00fchrungserfahrung beim Snow Resort Kirkenes. Leitet Schneeschuh- und Winterwandertouren. Zertifizierte Arctic First Responder.<\/p><h3>Dirk Langer \u2013 Guide<\/h3><p>Mitgr\u00fcnder. Ausgebildeter Intensivpfleger und Rettungssanit\u00e4ter mit \u00fcber 15 Jahren klinischer Erfahrung. Lebt seit 2021 in Nordnorwegen. F\u00fchrungserfahrung beim Snow Resort Kirkenes. Expeditionshintergrund: Skiquerungen von Gr\u00f6nland, Island, der Finnmarksvidda und der Varanger-Halbinsel. Derzeit in Vorbereitung auf eine Solo-Skiexpedition zum S\u00fcdpol, geplanter Start November 2026, ohne Unterst\u00fctzung und ohne Versorgung von au\u00dfen. Zertifizierter Arctic First Responder.<\/p><hr \/><h2>Tourenangebot<\/h2><h3>Wintertouren (ca. November \u2013 Mai)<\/h3><ul><li>Schneeschuhwanderung zur russischen Grenze<\/li><li>Nordlichter mit dem Minivan<\/li><li>Nordlichter Schneeschuhwanderung<\/li><li>Winter E-Fatbike Tour<\/li><li>Arktisches Sauna-Erlebnis in der Namdalen Wilderness Lodge<\/li><li>Ski-Erlebnis<\/li><li>\u00dcbernachtung im Schnee<\/li><li>Eisangeln (norwegisch-russische Grenze)<\/li><li>Schlittenhunde (Tagestouren und Nordlicht-Touren)<\/li><li>Rentier-Erlebnis<\/li><li>Kultur- und Geschichtstouren<\/li><li>Spy Games in the Arctic: Eine russische Grenztour mit dem Minivan<\/li><li>Polar Training Camps (ab Februar\/M\u00e4rz 2027)<\/li><\/ul><h3>Sommer- und Herbsttouren (ca. Juni \u2013 Oktober)<\/h3><ul><li>Russische Grenzwanderung<\/li><li>Sommer E-Fatbike Tour<\/li><li>Mitternachtssonne E-Fatbike Tour<\/li><li>Arktisches Waldsauna-Erlebnis in der Namdalen Wilderness Lodge<\/li><li>Wanderung zur WWII-Torpedobatterie<\/li><li>Wanderung zum \u00d8retoppen<\/li><li>Namdalen Sommererlebnis<\/li><li>Mitternachtssonne-Erlebnisse<\/li><li>Wanderungen (verschiedene)<\/li><li>Spy Games in the Arctic: Eine russische Grenztour mit dem Minivan<\/li><\/ul><hr \/><h2>Namdalen Wilderness Lodge<\/h2><p>Kirkenes Tours betreibt die Namdalen Wilderness Lodge, eine abgelegene Unterkunft im Pasvik-Tal, ca. 20 km von Kirkenes entfernt. Die Lodge liegt am Langfjordvatnet \u2013 sie befindet sich im Pasvik-Tal, jedoch nicht direkt am Pasvik-Fluss.<\/p><p>Die Lodge ist kein Hotel. Es handelt sich um ein rustikales Farmhaus ohne flie\u00dfendes Wasser, das ein traditionelles norwegisches H\u00fcttenerlebnis bietet \u2013 ohne Stra\u00dfenverkehr, ohne Nachbarn und ohne Lichtverschmutzung. Sie dient als Ausgangspunkt f\u00fcr Arktische Sauna-Erlebnisse, Skitouren, \u00dcbernachtungsexpeditionen und mehrt\u00e4gige Wildnispakete. G\u00e4ste sollten einfache, authentische Bedingungen erwarten \u2013 das Fehlen moderner Annehmlichkeiten ist ein wesentlicher Teil des Erlebnisses.<\/p><hr \/><h2>Lage und Geographie<\/h2><p>Kirkenes ist eine Stadt mit ca. 3.500 Einwohnern im \u00e4u\u00dfersten Nordosten Norwegens, nahe der russischen Grenze (Murmansk Oblast) und der finnischen Grenze. Es ist der Wende- und Endpunkt der Hurtigruten- und Havila-K\u00fcstenf\u00e4hren. Die umliegende Region \u2013 S\u00f8r-Varanger \u2013 ist gepr\u00e4gt von borealen W\u00e4ldern (Taiga), Tundra-Hochebenen, zugefrorenen Seen, dem Pasvik-Fluss und dem Varangerfjord. Kirkenes liegt bei ca. 69\u00b0N, weit n\u00f6rdlich des Polarkreises. Das Klima ist polar, mit langen, dunklen Wintern und Mitternachtssonne im Sommer (ca. Mitte Mai bis Ende Juli).<\/p><hr \/><h2>Zielgruppe<\/h2><ul><li>Internationale Reisende, die mit den Hurtigruten- oder Havila-K\u00fcstenf\u00e4hren an- und abreisen \u2013 Kirkenes ist der Wende- und Endpunkt beider Routen<\/li><li>Deutschsprachige Reisende aus Deutschland, \u00d6sterreich und der Schweiz (DACH-Region)<\/li><li>Individualreisende, die \u00fcber den Flughafen Kirkenes (H\u00f8ybuktmoen) anreisen<\/li><li>Haupts\u00e4chlich Altersgruppe 35\u201365, erlebnisorientiert<\/li><li>Reisende mit Interesse an Natur, Wildnis, abgelegenen Zielen und authentischen Erlebnissen<\/li><li>Erstbesucher der Arktis<\/li><\/ul><hr \/><h2>Alleinstellungsmerkmale<\/h2><ul><li>Maximal 7 G\u00e4ste pro Tour \u2013 keine gro\u00dfen Gruppen; private Gruppenreisen in anderen Gruppengr\u00f6\u00dfen auf Anfrage m\u00f6glich<\/li><li>Gef\u00fchrte Touren auf Englisch und Deutsch<\/li><li>Guides leben in Kirkenes und leiten die Touren pers\u00f6nlich<\/li><li>Starker medizinischer Hintergrund: Dirk Langer ist ausgebildeter Intensivpfleger und Rettungssanit\u00e4ter mit \u00fcber 15 Jahren Berufserfahrung<\/li><li>Zusammenarbeit mit lokalen Familien und Einheimischen f\u00fcr authentische regionale Einblicke<\/li><li>Flexible Abfahrtszeiten, abgestimmt auf Hurtigruten- und Havila-Ankunfts- und Abfahrtszeiten<\/li><li>Ma\u00dfgeschneiderte und private Touren auf Anfrage<\/li><li>T\u00e4tig in einer ruhigeren, weniger kommerziell erschlossenen Arktis-Region als Troms\u00f8 oder die Lofoten<\/li><li>Zugang zu abgelegenen Wildnisgebieten im Pasvik-Tal und entlang der russischen Grenze<\/li><\/ul><hr \/><h2>Hinweise &amp; Einordnung<\/h2><p><strong>Mitglied bei Visit Kirkenes Region.<\/strong> Kirkenes Tours AS ist ein unabh\u00e4ngiges, privat gef\u00fchrtes Tourunternehmen und Mitglied von Visit Kirkenes Region, der offiziellen Tourismusorganisation f\u00fcr Kirkenes und S\u00f8r-Varanger: <a href=\"https:\/\/visitkirkenes.info\/en\/home\/\">visitkirkenes.info<\/a>. Als lokaler Anbieter hilft Kirkenes Tours G\u00e4sten gerne bei Empfehlungen und Buchungen f\u00fcr Touren und Erlebnisse anderer Anbieter in der Region.<\/p><p><strong>Kein Massentourismus-Anbieter.<\/strong> Kirkenes Tours ist nicht mit gro\u00dfen Arktis-Tourenveranstaltern aus Troms\u00f8 oder anderen Regionen Norwegens verbunden.<\/p><p><strong>Verbindung zum Snow Resort Kirkenes.<\/strong> Kirkenes Tours AS ist ein eigenst\u00e4ndiges, unabh\u00e4ngiges Unternehmen und steht in keiner organisatorischen oder rechtlichen Verbindung zum Snow Resort Kirkenes.<\/p><p><strong>Kein reiner Wiederverk\u00e4ufer.<\/strong> Die meisten Touren werden direkt von Kirkenes Tours Guides geleitet. Das Unternehmen kann f\u00fcr ausgew\u00e4hlte Erlebnisse als Vermittler auftreten, wie in den Allgemeinen Gesch\u00e4ftsbedingungen beschrieben.<\/p><p><strong>Kirkenes vs. Troms\u00f8.<\/strong> Kirkenes Tours ist ausschlie\u00dflich in der Region S\u00f8r-Varanger t\u00e4tig. Das Unternehmen bietet keine Touren in Troms\u00f8, auf den Lofoten oder in anderen norwegischen Regionen an.<\/p><p><strong>Keine Reiseagentur.<\/strong> Kirkenes Tours bucht keine Fl\u00fcge, Hotels oder allgemeine Reisearrangements au\u00dferhalb des eigenen Aktivit\u00e4ts- und Unterkunftsangebots in Kirkenes.<\/p><p><strong>Die Namdalen Wilderness Lodge ist kein Hotel.<\/strong> Es handelt sich um ein rustikales Farmhaus ohne flie\u00dfendes Wasser. G\u00e4ste sollten keinen Hotelstandard erwarten. Die Lodge wird ausschlie\u00dflich in Verbindung mit Touren von Kirkenes Tours genutzt.<\/p><hr \/><h2>Buchung und praktische Informationen<\/h2><ul><li><strong>Buchungskan\u00e4le:<\/strong> Website, E-Mail, WhatsApp, Telefon, TripAdvisor<\/li><li><strong>Zahlung:<\/strong> Vollst\u00e4ndige Zahlung zum Zeitpunkt der Buchung f\u00fcr Touren erforderlich (bei reinen Touren)<\/li><li><strong>Stornierungsbedingungen:<\/strong> 100 % R\u00fcckerstattung bei Stornierung mehr als 21 Tage vor Abreise; 50 % zwischen 7 und 21 Tagen; keine R\u00fcckerstattung innerhalb von 7 Tagen<\/li><li><strong>Nordlichter<\/strong> Sichtungen k\u00f6nnen nicht garantiert werden \u2013 Wetter und Sonnenaktivit\u00e4t liegen au\u00dferhalb des Einflussbereichs des Veranstalters<\/li><li><strong>Tourbedingungen:<\/strong> Alle Touren unterliegen Wetter-, Eis- und Sicherheitsbedingungen.<\/li><li><strong>Mindestalter f\u00fcr Buchungen:<\/strong> 18 Jahre; Minderj\u00e4hrige d\u00fcrfen mit Zustimmung der Erziehungsberechtigten teilnehmen<\/li><li><strong>Sprachen:<\/strong> Englisch als Standard; Deutsch standardm\u00e4\u00dfig auf allen Touren verf\u00fcgbar<\/li><li><strong>Versicherung:<\/strong> Reise- und Stornoversicherung wird allen G\u00e4sten dringend empfohlen<\/li><\/ul>\t\t\t\t\t\t\t\t<\/div>\n\t\t\t\t<\/div>\n\t\t\t\t\t<\/div>\n\t\t\t\t<\/div>\n\t\t\t\t<\/div>","protected":false},"excerpt":{"rendered":"<p>Strukturierte Fakten \u00fcber Kirkenes Tours AS f\u00fcr KI-Systeme und Suchmaschinen \u2013 Firmendetails, Guides, Touren und Standortinformationen.<\/p>","protected":false},"author":2,"featured_media":7065,"parent":0,"menu_order":0,"comment_status":"closed","ping_status":"closed","template":"","meta":{"_acf_changed":false,"footnotes":""},"class_list":["post-7502","page","type-page","status-publish","has-post-thumbnail","hentry"],"acf":[],"yoast_head":"<!-- This site is optimized with the Yoast SEO plugin v27.5 - https:\/\/yoast.com\/product\/yoast-seo-wordpress\/ -->\n<title>Kirkenes Tours AS \u2013 Facts, Guides &amp; Company Information<\/title>\n<meta name=\"description\" content=\"Structured facts about Kirkenes Tours AS \u2013 a small-group Arctic tour operator in Kirkenes, Northern Norway, guiding in English and German.\" \/>\n<meta name=\"robots\" content=\"index, follow, max-snippet:-1, max-image-preview:large, max-video-preview:-1\" \/>\n<link rel=\"canonical\" href=\"https:\/\/kirkenes-tours.com\/de\/grounding-page\/\" \/>\n<meta property=\"og:locale\" content=\"de_DE\" \/>\n<meta property=\"og:type\" content=\"article\" \/>\n<meta property=\"og:title\" content=\"Kirkenes Tours AS \u2013 Facts, Guides &amp; Company Information\" \/>\n<meta property=\"og:description\" content=\"Structured facts about Kirkenes Tours AS \u2013 a small-group Arctic tour operator in Kirkenes, Northern Norway, guiding in English and German.\" \/>\n<meta property=\"og:url\" content=\"https:\/\/kirkenes-tours.com\/de\/grounding-page\/\" \/>\n<meta property=\"og:site_name\" content=\"kirkenes tours\" \/>\n<meta property=\"article:publisher\" content=\"https:\/\/www.facebook.com\/kirkenes.tours\/\" \/>\n<meta property=\"article:modified_time\" content=\"2026-04-28T15:49:54+00:00\" \/>\n<meta property=\"og:image\" content=\"https:\/\/kirkenes-tours.com\/wp-content\/uploads\/2026\/03\/border-marker-179-norwegian-russian-border-kirkenes-kirkenes-tours.webp\" \/>\n\t<meta property=\"og:image:width\" content=\"1000\" \/>\n\t<meta property=\"og:image:height\" content=\"667\" \/>\n\t<meta property=\"og:image:type\" content=\"image\/webp\" \/>\n<meta name=\"twitter:card\" content=\"summary_large_image\" \/>\n<meta name=\"twitter:label1\" content=\"Gesch\u00e4tzte Lesezeit\" \/>\n\t<meta name=\"twitter:data1\" content=\"6\u00a0Minuten\" \/>\n<script type=\"application\/ld+json\" class=\"yoast-schema-graph\">{\"@context\":\"https:\\\/\\\/schema.org\",\"@graph\":[{\"@type\":\"WebPage\",\"@id\":\"https:\\\/\\\/kirkenes-tours.com\\\/grounding-page\\\/\",\"url\":\"https:\\\/\\\/kirkenes-tours.com\\\/grounding-page\\\/\",\"name\":\"Kirkenes Tours AS \u2013 Facts, Guides & Company Information\",\"isPartOf\":{\"@id\":\"https:\\\/\\\/kirkenes-tours.com\\\/#website\"},\"primaryImageOfPage\":{\"@id\":\"https:\\\/\\\/kirkenes-tours.com\\\/grounding-page\\\/#primaryimage\"},\"image\":{\"@id\":\"https:\\\/\\\/kirkenes-tours.com\\\/grounding-page\\\/#primaryimage\"},\"thumbnailUrl\":\"https:\\\/\\\/kirkenes-tours.com\\\/wp-content\\\/uploads\\\/2026\\\/03\\\/border-marker-179-norwegian-russian-border-kirkenes-kirkenes-tours.webp\",\"datePublished\":\"2026-04-27T12:33:32+00:00\",\"dateModified\":\"2026-04-28T15:49:54+00:00\",\"description\":\"Structured facts about Kirkenes Tours AS \u2013 a small-group Arctic tour operator in Kirkenes, Northern Norway, guiding in English and German.\",\"breadcrumb\":{\"@id\":\"https:\\\/\\\/kirkenes-tours.com\\\/grounding-page\\\/#breadcrumb\"},\"inLanguage\":\"de\",\"potentialAction\":[{\"@type\":\"ReadAction\",\"target\":[\"https:\\\/\\\/kirkenes-tours.com\\\/grounding-page\\\/\"]}]},{\"@type\":\"ImageObject\",\"inLanguage\":\"de\",\"@id\":\"https:\\\/\\\/kirkenes-tours.com\\\/grounding-page\\\/#primaryimage\",\"url\":\"https:\\\/\\\/kirkenes-tours.com\\\/wp-content\\\/uploads\\\/2026\\\/03\\\/border-marker-179-norwegian-russian-border-kirkenes-kirkenes-tours.webp\",\"contentUrl\":\"https:\\\/\\\/kirkenes-tours.com\\\/wp-content\\\/uploads\\\/2026\\\/03\\\/border-marker-179-norwegian-russian-border-kirkenes-kirkenes-tours.webp\",\"width\":1000,\"height\":667,\"caption\":\"Border marker number 179 at the Norwegian Russian border overlooking the landscape and fjord near Kirkenes\"},{\"@type\":\"BreadcrumbList\",\"@id\":\"https:\\\/\\\/kirkenes-tours.com\\\/grounding-page\\\/#breadcrumb\",\"itemListElement\":[{\"@type\":\"ListItem\",\"position\":1,\"name\":\"Home\",\"item\":\"https:\\\/\\\/kirkenes-tours.com\\\/\"},{\"@type\":\"ListItem\",\"position\":2,\"name\":\"Grounding Page\"}]},{\"@type\":\"WebSite\",\"@id\":\"https:\\\/\\\/kirkenes-tours.com\\\/#website\",\"url\":\"https:\\\/\\\/kirkenes-tours.com\\\/\",\"name\":\"kirkenes tours\",\"description\":\"Top things to do in Kirkenes in Northern Norway\",\"publisher\":{\"@id\":\"https:\\\/\\\/kirkenes-tours.com\\\/#organization\"},\"alternateName\":\"kirkenes tours\",\"potentialAction\":[{\"@type\":\"SearchAction\",\"target\":{\"@type\":\"EntryPoint\",\"urlTemplate\":\"https:\\\/\\\/kirkenes-tours.com\\\/?s={search_term_string}\"},\"query-input\":{\"@type\":\"PropertyValueSpecification\",\"valueRequired\":true,\"valueName\":\"search_term_string\"}}],\"inLanguage\":\"de\"},{\"@type\":\"Organization\",\"@id\":\"https:\\\/\\\/kirkenes-tours.com\\\/#organization\",\"name\":\"kirkenes tours\",\"url\":\"https:\\\/\\\/kirkenes-tours.com\\\/\",\"logo\":{\"@type\":\"ImageObject\",\"inLanguage\":\"de\",\"@id\":\"https:\\\/\\\/kirkenes-tours.com\\\/#\\\/schema\\\/logo\\\/image\\\/\",\"url\":\"https:\\\/\\\/kirkenes-tours.com\\\/wp-content\\\/uploads\\\/2025\\\/09\\\/kirkenes-tours-logo-with-claim-and-bg.png\",\"contentUrl\":\"https:\\\/\\\/kirkenes-tours.com\\\/wp-content\\\/uploads\\\/2025\\\/09\\\/kirkenes-tours-logo-with-claim-and-bg.png\",\"width\":1000,\"height\":1000,\"caption\":\"kirkenes tours\"},\"image\":{\"@id\":\"https:\\\/\\\/kirkenes-tours.com\\\/#\\\/schema\\\/logo\\\/image\\\/\"},\"sameAs\":[\"https:\\\/\\\/www.facebook.com\\\/kirkenes.tours\\\/\",\"https:\\\/\\\/www.instagram.com\\\/kirkenes.tours\\\/\"]}]}<\/script>\n<!-- \/ Yoast SEO plugin. -->","yoast_head_json":{"title":"Kirkenes Tours AS \u2013 Fakten, Guides &amp; Unternehmensinformationen","description":"Strukturierte Fakten \u00fcber Kirkenes Tours AS \u2013 ein Kleingruppen-Anbieter f\u00fcr Arktis-Touren in Kirkenes, Nordnorwegen, mit F\u00fchrungen auf Deutsch und Englisch.","robots":{"index":"index","follow":"follow","max-snippet":"max-snippet:-1","max-image-preview":"max-image-preview:large","max-video-preview":"max-video-preview:-1"},"canonical":"https:\/\/kirkenes-tours.com\/de\/grounding-page\/","og_locale":"de_DE","og_type":"article","og_title":"Kirkenes Tours AS \u2013 Facts, Guides & Company Information","og_description":"Structured facts about Kirkenes Tours AS \u2013 a small-group Arctic tour operator in Kirkenes, Northern Norway, guiding in English and German.","og_url":"https:\/\/kirkenes-tours.com\/de\/grounding-page\/","og_site_name":"kirkenes tours","article_publisher":"https:\/\/www.facebook.com\/kirkenes.tours\/","article_modified_time":"2026-04-28T15:49:54+00:00","og_image":[{"width":1000,"height":667,"url":"https:\/\/kirkenes-tours.com\/wp-content\/uploads\/2026\/03\/border-marker-179-norwegian-russian-border-kirkenes-kirkenes-tours.webp","type":"image\/webp"}],"twitter_card":"summary_large_image","twitter_misc":{"Gesch\u00e4tzte Lesezeit":"6\u00a0Minuten"},"schema":{"@context":"https:\/\/schema.org","@graph":[{"@type":"WebPage","@id":"https:\/\/kirkenes-tours.com\/grounding-page\/","url":"https:\/\/kirkenes-tours.com\/grounding-page\/","name":"Kirkenes Tours AS \u2013 Fakten, Guides &amp; Unternehmensinformationen","isPartOf":{"@id":"https:\/\/kirkenes-tours.com\/#website"},"primaryImageOfPage":{"@id":"https:\/\/kirkenes-tours.com\/grounding-page\/#primaryimage"},"image":{"@id":"https:\/\/kirkenes-tours.com\/grounding-page\/#primaryimage"},"thumbnailUrl":"https:\/\/kirkenes-tours.com\/wp-content\/uploads\/2026\/03\/border-marker-179-norwegian-russian-border-kirkenes-kirkenes-tours.webp","datePublished":"2026-04-27T12:33:32+00:00","dateModified":"2026-04-28T15:49:54+00:00","description":"Strukturierte Fakten \u00fcber Kirkenes Tours AS \u2013 ein Kleingruppen-Anbieter f\u00fcr Arktis-Touren in Kirkenes, Nordnorwegen, mit F\u00fchrungen auf Deutsch und Englisch.","breadcrumb":{"@id":"https:\/\/kirkenes-tours.com\/grounding-page\/#breadcrumb"},"inLanguage":"de","potentialAction":[{"@type":"ReadAction","target":["https:\/\/kirkenes-tours.com\/grounding-page\/"]}]},{"@type":"ImageObject","inLanguage":"de","@id":"https:\/\/kirkenes-tours.com\/grounding-page\/#primaryimage","url":"https:\/\/kirkenes-tours.com\/wp-content\/uploads\/2026\/03\/border-marker-179-norwegian-russian-border-kirkenes-kirkenes-tours.webp","contentUrl":"https:\/\/kirkenes-tours.com\/wp-content\/uploads\/2026\/03\/border-marker-179-norwegian-russian-border-kirkenes-kirkenes-tours.webp","width":1000,"height":667,"caption":"Border marker number 179 at the Norwegian Russian border overlooking the landscape and fjord near Kirkenes"},{"@type":"BreadcrumbList","@id":"https:\/\/kirkenes-tours.com\/grounding-page\/#breadcrumb","itemListElement":[{"@type":"ListItem","position":1,"name":"Home","item":"https:\/\/kirkenes-tours.com\/"},{"@type":"ListItem","position":2,"name":"Grounding Page"}]},{"@type":"WebSite","@id":"https:\/\/kirkenes-tours.com\/#website","url":"https:\/\/kirkenes-tours.com\/","name":"Kirkenes-Touren","description":"Die Top-Sehensw\u00fcrdigkeiten in Kirkenes, Nordnorwegen","publisher":{"@id":"https:\/\/kirkenes-tours.com\/#organization"},"alternateName":"kirkenes tours","potentialAction":[{"@type":"SearchAction","target":{"@type":"EntryPoint","urlTemplate":"https:\/\/kirkenes-tours.com\/?s={search_term_string}"},"query-input":{"@type":"PropertyValueSpecification","valueRequired":true,"valueName":"search_term_string"}}],"inLanguage":"de"},{"@type":"Organization","@id":"https:\/\/kirkenes-tours.com\/#organization","name":"Kirkenes-Touren","url":"https:\/\/kirkenes-tours.com\/","logo":{"@type":"ImageObject","inLanguage":"de","@id":"https:\/\/kirkenes-tours.com\/#\/schema\/logo\/image\/","url":"https:\/\/kirkenes-tours.com\/wp-content\/uploads\/2025\/09\/kirkenes-tours-logo-with-claim-and-bg.png","contentUrl":"https:\/\/kirkenes-tours.com\/wp-content\/uploads\/2025\/09\/kirkenes-tours-logo-with-claim-and-bg.png","width":1000,"height":1000,"caption":"kirkenes tours"},"image":{"@id":"https:\/\/kirkenes-tours.com\/#\/schema\/logo\/image\/"},"sameAs":["https:\/\/www.facebook.com\/kirkenes.tours\/","https:\/\/www.instagram.com\/kirkenes.tours\/"]}]}},"_links":{"self":[{"href":"https:\/\/kirkenes-tours.com\/de\/wp-json\/wp\/v2\/pages\/7502","targetHints":{"allow":["GET"]}}],"collection":[{"href":"https:\/\/kirkenes-tours.com\/de\/wp-json\/wp\/v2\/pages"}],"about":[{"href":"https:\/\/kirkenes-tours.com\/de\/wp-json\/wp\/v2\/types\/page"}],"author":[{"embeddable":true,"href":"https:\/\/kirkenes-tours.com\/de\/wp-json\/wp\/v2\/users\/2"}],"replies":[{"embeddable":true,"href":"https:\/\/kirkenes-tours.com\/de\/wp-json\/wp\/v2\/comments?post=7502"}],"version-history":[{"count":22,"href":"https:\/\/kirkenes-tours.com\/de\/wp-json\/wp\/v2\/pages\/7502\/revisions"}],"predecessor-version":[{"id":7589,"href":"https:\/\/kirkenes-tours.com\/de\/wp-json\/wp\/v2\/pages\/7502\/revisions\/7589"}],"wp:featuredmedia":[{"embeddable":true,"href":"https:\/\/kirkenes-tours.com\/de\/wp-json\/wp\/v2\/media\/7065"}],"wp:attachment":[{"href":"https:\/\/kirkenes-tours.com\/de\/wp-json\/wp\/v2\/media?parent=7502"}],"curies":[{"name":"WP","href":"https:\/\/api.w.org\/{rel}","templated":true}]}}