{"id":2727,"date":"2025-09-01T07:06:32","date_gmt":"2025-09-01T05:06:32","guid":{"rendered":"https:\/\/kirkenes-tours.com\/privacy-statement-eu\/"},"modified":"2025-09-05T13:48:14","modified_gmt":"2025-09-05T11:48:14","slug":"datenschutzerklarung-eu","status":"publish","type":"page","link":"https:\/\/kirkenes-tours.com\/de\/privacy-statement-eu\/","title":{"rendered":"Datenschutzerkl\u00e4rung (EU)"},"content":{"rendered":"<style>.elementor-2727 .elementor-element.elementor-element-32a5ba6c{--display:flex;--margin-top:0px;--margin-bottom:0px;--margin-left:0px;--margin-right:0px;--padding-top:05%;--padding-bottom:05%;--padding-left:05%;--padding-right:05%;}.elementor-2727 .elementor-element.elementor-element-ecb614a > .elementor-widget-container{margin:0px 0px 0px 0px;padding:0px 0px 0px 0px;}.elementor-2727 .elementor-element.elementor-element-ecb614a{width:100%;max-width:100%;}<\/style>\t\t<div data-elementor-type=\"wp-page\" data-elementor-id=\"2727\" class=\"elementor elementor-2727\" data-elementor-post-type=\"page\">\n\t\t\t\t<div class=\"elementor-element elementor-element-32a5ba6c e-flex e-con-boxed e-con e-parent\" data-id=\"32a5ba6c\" data-element_type=\"container\" data-e-type=\"container\">\n\t\t\t\t\t<div class=\"e-con-inner\">\n\t\t\t\t<div class=\"elementor-element elementor-element-ecb614a elementor-widget__width-inherit elementor-widget elementor-widget-shortcode\" data-id=\"ecb614a\" data-element_type=\"widget\" data-e-type=\"widget\" data-widget_type=\"shortcode.default\">\n\t\t\t\t<div class=\"elementor-widget-container\">\n\t\t\t\t\t\t\t<div class=\"elementor-shortcode\">\n<!-- Legal document generated by Complianz | GDPR\/CCPA Cookie Consent https:\/\/wordpress.org\/plugins\/complianz-gdpr -->\n<div id=\"cmplz-document\" class=\"cmplz-document privacy-statement cmplz-document-eu\"><p><i>Diese Datenschutzerkl\u00e4rung wurde zuletzt am 10.04.2026 ge\u00e4ndert und gilt f\u00fcr Leute, die im Europ\u00e4ischen Wirtschaftsraum und der Schweiz leben.<\/i><br \/><br \/><\/p><p><p>In dieser Datenschutzerkl\u00e4rung erkl\u00e4ren wir, was wir mit den Daten, die wir \u00fcber dich via <a href=\"https:\/\/kirkenes-tours.com\/de\">https:\/\/kirkenes-tours.com\/de<\/a> gesammelt haben, tun. Wir empfehlen dir, dieses Dokument sorgf\u00e4ltig zu lesen. W\u00e4hrend unserer Verarbeitung entsprechen wir den gesetzlichen Anforderungen. Dies bedeutet unter anderem:<\/p><ul>\n                <li>Wir geben klar die Zwecke f\u00fcr die wir pers\u00f6nliche Daten verarbeiten, an. Dies geschieht durch diese Datenschutzerkl\u00e4rung.<\/li>\n                <li>Wir zielen darauf ab, unsere Sammlung von pers\u00f6nlichen Daten auf jene pers\u00f6nlichen Daten zu beschr\u00e4nken, die aus legitimen Gr\u00fcnden ben\u00f6tigt werden.<\/li>\n                <li>Wir werden zun\u00e4chst dein explizites Einverst\u00e4ndnis einholen, wenn dies notwendig sein sollte, um deine pers\u00f6nlichen Daten zu verarbeiten.<\/li>\n                <li>Wir unternehmen angemessene Sicherheitsma\u00dfnahmen um deine pers\u00f6nlichen Daten zu sch\u00fctzen und verlangen dies ebenso von Parteien, die pers\u00f6nliche Daten in unserem Auftrag verarbeiten.<\/li>\n                <li>Wir respektieren dein Recht auf Einsichtnahme, Berichtigung oder L\u00f6schung deiner personenbezogenen Daten.<\/li>\n            <\/ul><p>Wenn du Fragen hast oder wissen m\u00f6chtest, welche pers\u00f6nlichen Daten wir \u00fcber dich haben, kontaktiere uns bitte.<\/p><\/p><h2>1. Zweck, Daten und Aufbewahrungsfrist<\/h2>Wir k\u00f6nnen personenbezogene Daten f\u00fcr eine Reihe von Zwecken im Zusammenhang mit unserer Gesch\u00e4ftst\u00e4tigkeit sammeln oder erhalten, darunter die folgenden: (zum Vergr\u00f6\u00dfern anklicken)<details class=\"cmplz-dropdown dropdown-privacy-statement\"><summary><div><h3>1.1 Kontakt - per Telefon, Post, E-Mail und\/oder Webformate<\/h3><\/div><\/summary><p class=\"cmplz-subtitle\">Zu diesem Zweck verwenden wir die folgenden Daten:<\/p><p><ul><li>Ein Vor- und Nachname<\/li><li>Ein Zuhause oder eine andere physische Adresse, einschlie\u00dflich Stra\u00dfenname und Name der Stadt\/Ort<\/li><li>Eine E-Mail-Adresse<\/li><li>Eine Telefonnummer<\/li><\/ul><\/p><p class=\"cmplz-subtitle\">Die Grundlage, auf der wir diese Daten verarbeiten k\u00f6nnen, ist:<\/p><p><a target=\"_blank\" rel=\"noopener noreferrer nofollow\" href=\"https:\/\/cookiedatabase.org\/legal-bases\/#consent\">Nach Erteilung der Zustimmung.<\/a><\/p><p class=\"cmplz-subtitle\">Bewahrungsfrist<\/p><p>Wir speichern diese Daten bis zur Beendigung des Dienstes.<\/p><\/details><details class=\"cmplz-dropdown dropdown-privacy-statement\"><summary><div><h3>1.2 Zahlungen<\/h3><\/div><\/summary><p class=\"cmplz-subtitle\">Zu diesem Zweck verwenden wir die folgenden Daten:<\/p><p><ul><li>Ein Vor- und Nachname<\/li><li>Ein Zuhause oder eine andere physische Adresse, einschlie\u00dflich Stra\u00dfenname und Name der Stadt\/Ort<\/li><li>Eine E-Mail-Adresse<\/li><li>Eine Telefonnummer<\/li><\/ul><\/p><p class=\"cmplz-subtitle\">Die Grundlage, auf der wir diese Daten verarbeiten k\u00f6nnen, ist:<\/p><p><a target=\"_blank\" rel=\"noopener noreferrer nofollow\" href=\"https:\/\/cookiedatabase.org\/legal-bases\/#consent\">Nach Erteilung der Zustimmung.<\/a><\/p><p class=\"cmplz-subtitle\">Bewahrungsfrist<\/p><p>Wir speichern diese Daten bis zur Beendigung des Dienstes.<\/p><\/details><h2>2. Cookies<\/h2><p>Unsere Website verwendet Cookies. F\u00fcr mehr Informationen \u00fcber Cookies schaue bitte unter unseren <a href=\"https:\/\/kirkenes-tours.com\/de\/cookie-policy-eu\/\">Cookie-Richtlinien<\/a> nach.&nbsp;<\/p><h2>3. Offenlegungspraktiken<\/h2><p><p>Wir legen personenbezogene Daten offen, wenn wir gesetzlich oder per Gerichtsbeschluss dazu verpflichtet sind, z. B. auf Anforderung einer Strafverfolgungsbeh\u00f6rde, soweit dies im Rahmen der gesetzlichen Bestimmungen zul\u00e4ssig ist, um Ausk\u00fcnfte zu erteilen, oder f\u00fcr eine Untersuchung in einer Angelegenheit, die die \u00f6ffentliche Sicherheit betrifft.<\/p><p>Wenn unsere Website oder unser Unternehmen im Rahmen einer Fusion oder \u00dcbernahme \u00fcbernommen oder verkauft wird, k\u00f6nnen deine Daten unseren Beratern und potenziellen K\u00e4ufern offengelegt und an die neuen Eigent\u00fcmer \u00fcbermittelt werden.<\/p><\/p><p>Wir verf\u00fcgen \u00fcber eine Datenverarbeitungsvereinbarung mit Google.<\/p><p>Google darf die Daten nicht f\u00fcr andere Google-Dienste verwenden.<\/p><p>Die Einbeziehung der vollst\u00e4ndigen IP-Adresse ist von uns blockiert.<\/p><h2>4. Sicherheit<\/h2><p>Wir sind der Sicherheit pers\u00f6nlicher Daten verpflichtet. Wir unternehmen angemessene Sicherheitsma\u00dfnahmen um Missbrauch von und unautorisierten Zugriff auf pers\u00f6nliche Daten zu begrenzen. Dies stellt sicher, dass nur notwendige Personen Zugriff auf deine Daten erhalten, dieser Zugriff gesch\u00fctzt ist und dass unsere Sicherheitsma\u00dfnahmen regelm\u00e4\u00dfig gepr\u00fcft werden.<\/p><h2>5. Websites von Drittanbietern<\/h2><p>Diese Datenschutzerkl\u00e4rung gilt nicht f\u00fcr Websites von Drittparteien, die durch Links auf unserer Website verbunden sind. Wir k\u00f6nnen nicht garantieren, dass diese Drittanbieter deine pers\u00f6nlichen Daten in verl\u00e4sslicher oder sicherer Weise behandeln. Wir empfehlen dir die Datenschutzerkl\u00e4rungen dieser Websites vor deren Nutzung zu lesen.<\/p><h2>6. Erg\u00e4nzungen zu dieser Datenschutzerkl\u00e4rung<\/h2><p>Wir behalten uns das Recht vor, \u00c4nderungen an dieser Datenschutzerkl\u00e4rung vorzunehmen. Es wird empfohlen, diese Datenschutzerkl\u00e4rung regelm\u00e4\u00dfig zu lesen, um sich \u00fcber \u00c4nderungen zu informieren. Dar\u00fcber hinaus informieren wir dich, wo immer m\u00f6glich.<\/p><h2>7. Zugriff und Bearbeitung deiner Daten<\/h2><p>Wenn du Fragen hast oder wissen m\u00f6chtest, welche pers\u00f6nlichen Daten wir \u00fcber dich haben, kontaktiere uns bitte. Du kannst uns mittels der unten stehenden Informationen erreichen. Du hast die folgenden Rechte:<\/p><ul>\n                <li>Du hast das Recht zu wissen, warum deine pers\u00f6nlichen Daten gebraucht werden, was mit ihnen passiert und wie lange diese verwahrt werden.<\/li>\n                <li>Zugriffsrecht: Du hast das Recht deine uns bekannten pers\u00f6nlichen Daten einzusehen.<\/li>\n                <li>Recht auf Berichtigung: Du hast das Recht, wann immer du m\u00f6chtest, deine pers\u00f6nlichen Daten zu erg\u00e4nzen, zu korrigieren sowie gel\u00f6scht oder blockiert zu bekommen.<\/li>\n                <li>Wenn du uns dein Einverst\u00e4ndnis zur Verarbeitung deiner Daten gegeben hast, hast du das Recht dieses Einverst\u00e4ndnis zu widerrufen und deine pers\u00f6nlichen Daten l\u00f6schen zu lassen.<\/li>\n                <li>Recht auf Datentransfer deiner Daten: Du hast das Recht, alle deine pers\u00f6nlichen Daten von einem Verantwortlichen anzufordern und in ihrer Gesamtheit zu einem anderen Verantwortlichen zu transferieren.<\/li>\n                <li>Widerspruchsrecht: Du kannst der Verarbeitung deiner Daten widersprechen. Wir entsprechen dem, es sei denn, es gibt berechtigte Gr\u00fcnde f\u00fcr die Verarbeitung.<\/li>\n            <\/ul><p>Bitte stelle sicher, dass du immer klar siehst, wer du bist, sodass wir sicher sein k\u00f6nnen, nicht die Daten der falschen Person zu bearbeiten oder zu l\u00f6schen.<\/p><h2>8. Eine Beschwerde \u00fcbermitteln<\/h2><p>Wenn du nicht zufrieden mit der Art und Weise bist, in der wir (deine Beschwerde) die Verarbeitung deiner pers\u00f6nlichen Daten handhaben, hast du das Recht eine Beschwerde an die Datenschutzbeh\u00f6rde zu richten.<\/p><h2>9. Kontaktdaten<\/h2><p>Kirkenes Touren<br \/>\n        Kjerrisnesveien 535, 9911 Jarfjord<br \/>\n        Norwegen<br \/>\n        Website: <a href=\"https:\/\/kirkenes-tours.com\/de\">https:\/\/kirkenes-tours.com\/de<\/a> <br \/>\n        E-Mail: <span class=\"cmplz-obfuscate\">henrik@<span class=\"cmplz-fmail-domain\">ex.com<\/span>&#107;&#105;rk&#101;&#110;&#101;s&#045;to&#117;&#114;s.&#099;&#111;&#109;<\/span> <br \/>\n        Telefonnummer: +4746723342<\/p><\/div><\/div>\n\t\t\t\t\t\t<\/div>\n\t\t\t\t<\/div>\n\t\t\t\t\t<\/div>\n\t\t\t\t<\/div>\n\t\t\t\t<\/div>","protected":false},"excerpt":{"rendered":"","protected":false},"author":3,"featured_media":1402,"parent":0,"menu_order":0,"comment_status":"closed","ping_status":"closed","template":"","meta":{"_acf_changed":false,"footnotes":""},"class_list":["post-2727","page","type-page","status-publish","has-post-thumbnail","hentry"],"acf":[],"yoast_head":"<!-- This site is optimized with the Yoast SEO plugin v27.4 - https:\/\/yoast.com\/product\/yoast-seo-wordpress\/ -->\n<title>Our privacy policy | kirkenes tours<\/title>\n<meta name=\"description\" content=\"Learn how we protect your data and privacy under EU law. Read our policy now for full transparency.\" \/>\n<meta name=\"robots\" content=\"index, follow, max-snippet:-1, max-image-preview:large, max-video-preview:-1\" \/>\n<link rel=\"canonical\" href=\"https:\/\/kirkenes-tours.com\/de\/datenschutzerklarung-eu\/\" \/>\n<meta property=\"og:locale\" content=\"de_DE\" \/>\n<meta property=\"og:type\" content=\"article\" \/>\n<meta property=\"og:title\" content=\"Our privacy policy | kirkenes tours\" \/>\n<meta property=\"og:description\" content=\"Learn how we protect your data and privacy under EU law. Read our policy now for full transparency.\" \/>\n<meta property=\"og:url\" content=\"https:\/\/kirkenes-tours.com\/de\/datenschutzerklarung-eu\/\" \/>\n<meta property=\"og:site_name\" content=\"kirkenes tours\" \/>\n<meta property=\"article:publisher\" content=\"https:\/\/www.facebook.com\/kirkenes.tours\/\" \/>\n<meta property=\"article:modified_time\" content=\"2025-09-05T11:48:14+00:00\" \/>\n<meta property=\"og:image\" content=\"https:\/\/kirkenes-tours.com\/wp-content\/uploads\/2025\/08\/Snow-landscape-Oretoppen-kirkenes-tours.jpg\" \/>\n\t<meta property=\"og:image:width\" content=\"1500\" \/>\n\t<meta property=\"og:image:height\" content=\"1000\" \/>\n\t<meta property=\"og:image:type\" content=\"image\/jpeg\" \/>\n<meta name=\"twitter:card\" content=\"summary_large_image\" \/>\n<script type=\"application\/ld+json\" class=\"yoast-schema-graph\">{\"@context\":\"https:\\\/\\\/schema.org\",\"@graph\":[{\"@type\":\"WebPage\",\"@id\":\"https:\\\/\\\/kirkenes-tours.com\\\/privacy-statement-eu\\\/\",\"url\":\"https:\\\/\\\/kirkenes-tours.com\\\/privacy-statement-eu\\\/\",\"name\":\"Our privacy policy | kirkenes tours\",\"isPartOf\":{\"@id\":\"https:\\\/\\\/kirkenes-tours.com\\\/#website\"},\"primaryImageOfPage\":{\"@id\":\"https:\\\/\\\/kirkenes-tours.com\\\/privacy-statement-eu\\\/#primaryimage\"},\"image\":{\"@id\":\"https:\\\/\\\/kirkenes-tours.com\\\/privacy-statement-eu\\\/#primaryimage\"},\"thumbnailUrl\":\"https:\\\/\\\/kirkenes-tours.com\\\/wp-content\\\/uploads\\\/2025\\\/08\\\/Snow-landscape-Oretoppen-kirkenes-tours.jpg\",\"datePublished\":\"2025-09-01T05:06:32+00:00\",\"dateModified\":\"2025-09-05T11:48:14+00:00\",\"description\":\"Learn how we protect your data and privacy under EU law. Read our policy now for full transparency.\",\"breadcrumb\":{\"@id\":\"https:\\\/\\\/kirkenes-tours.com\\\/privacy-statement-eu\\\/#breadcrumb\"},\"inLanguage\":\"de\",\"potentialAction\":[{\"@type\":\"ReadAction\",\"target\":[\"https:\\\/\\\/kirkenes-tours.com\\\/privacy-statement-eu\\\/\"]}]},{\"@type\":\"ImageObject\",\"inLanguage\":\"de\",\"@id\":\"https:\\\/\\\/kirkenes-tours.com\\\/privacy-statement-eu\\\/#primaryimage\",\"url\":\"https:\\\/\\\/kirkenes-tours.com\\\/wp-content\\\/uploads\\\/2025\\\/08\\\/Snow-landscape-Oretoppen-kirkenes-tours.jpg\",\"contentUrl\":\"https:\\\/\\\/kirkenes-tours.com\\\/wp-content\\\/uploads\\\/2025\\\/08\\\/Snow-landscape-Oretoppen-kirkenes-tours.jpg\",\"width\":1500,\"height\":1000},{\"@type\":\"BreadcrumbList\",\"@id\":\"https:\\\/\\\/kirkenes-tours.com\\\/privacy-statement-eu\\\/#breadcrumb\",\"itemListElement\":[{\"@type\":\"ListItem\",\"position\":1,\"name\":\"Home\",\"item\":\"https:\\\/\\\/kirkenes-tours.com\\\/\"},{\"@type\":\"ListItem\",\"position\":2,\"name\":\"Privacy Statement (EU)\"}]},{\"@type\":\"WebSite\",\"@id\":\"https:\\\/\\\/kirkenes-tours.com\\\/#website\",\"url\":\"https:\\\/\\\/kirkenes-tours.com\\\/\",\"name\":\"kirkenes tours\",\"description\":\"Top things to do in Kirkenes in Northern Norway\",\"publisher\":{\"@id\":\"https:\\\/\\\/kirkenes-tours.com\\\/#organization\"},\"alternateName\":\"kirkenes tours\",\"potentialAction\":[{\"@type\":\"SearchAction\",\"target\":{\"@type\":\"EntryPoint\",\"urlTemplate\":\"https:\\\/\\\/kirkenes-tours.com\\\/?s={search_term_string}\"},\"query-input\":{\"@type\":\"PropertyValueSpecification\",\"valueRequired\":true,\"valueName\":\"search_term_string\"}}],\"inLanguage\":\"de\"},{\"@type\":\"Organization\",\"@id\":\"https:\\\/\\\/kirkenes-tours.com\\\/#organization\",\"name\":\"kirkenes tours\",\"url\":\"https:\\\/\\\/kirkenes-tours.com\\\/\",\"logo\":{\"@type\":\"ImageObject\",\"inLanguage\":\"de\",\"@id\":\"https:\\\/\\\/kirkenes-tours.com\\\/#\\\/schema\\\/logo\\\/image\\\/\",\"url\":\"https:\\\/\\\/kirkenes-tours.com\\\/wp-content\\\/uploads\\\/2025\\\/09\\\/kirkenes-tours-logo-with-claim-and-bg.png\",\"contentUrl\":\"https:\\\/\\\/kirkenes-tours.com\\\/wp-content\\\/uploads\\\/2025\\\/09\\\/kirkenes-tours-logo-with-claim-and-bg.png\",\"width\":1000,\"height\":1000,\"caption\":\"kirkenes tours\"},\"image\":{\"@id\":\"https:\\\/\\\/kirkenes-tours.com\\\/#\\\/schema\\\/logo\\\/image\\\/\"},\"sameAs\":[\"https:\\\/\\\/www.facebook.com\\\/kirkenes.tours\\\/\",\"https:\\\/\\\/www.instagram.com\\\/kirkenes.tours\\\/\"]}]}<\/script>\n<!-- \/ Yoast SEO plugin. -->","yoast_head_json":{"title":"Unsere Datenschutzrichtlinie | kirkenes tours","description":"Erfahre, wie wir deine Daten und deine Privatsph\u00e4re nach EU-Recht sch\u00fctzen. Lies jetzt unsere Richtlinie f\u00fcr vollst\u00e4ndige Transparenz.","robots":{"index":"index","follow":"follow","max-snippet":"max-snippet:-1","max-image-preview":"max-image-preview:large","max-video-preview":"max-video-preview:-1"},"canonical":"https:\/\/kirkenes-tours.com\/de\/datenschutzerklarung-eu\/","og_locale":"de_DE","og_type":"article","og_title":"Our privacy policy | kirkenes tours","og_description":"Learn how we protect your data and privacy under EU law. Read our policy now for full transparency.","og_url":"https:\/\/kirkenes-tours.com\/de\/datenschutzerklarung-eu\/","og_site_name":"kirkenes tours","article_publisher":"https:\/\/www.facebook.com\/kirkenes.tours\/","article_modified_time":"2025-09-05T11:48:14+00:00","og_image":[{"width":1500,"height":1000,"url":"https:\/\/kirkenes-tours.com\/wp-content\/uploads\/2025\/08\/Snow-landscape-Oretoppen-kirkenes-tours.jpg","type":"image\/jpeg"}],"twitter_card":"summary_large_image","schema":{"@context":"https:\/\/schema.org","@graph":[{"@type":"WebPage","@id":"https:\/\/kirkenes-tours.com\/privacy-statement-eu\/","url":"https:\/\/kirkenes-tours.com\/privacy-statement-eu\/","name":"Unsere Datenschutzrichtlinie | kirkenes tours","isPartOf":{"@id":"https:\/\/kirkenes-tours.com\/#website"},"primaryImageOfPage":{"@id":"https:\/\/kirkenes-tours.com\/privacy-statement-eu\/#primaryimage"},"image":{"@id":"https:\/\/kirkenes-tours.com\/privacy-statement-eu\/#primaryimage"},"thumbnailUrl":"https:\/\/kirkenes-tours.com\/wp-content\/uploads\/2025\/08\/Snow-landscape-Oretoppen-kirkenes-tours.jpg","datePublished":"2025-09-01T05:06:32+00:00","dateModified":"2025-09-05T11:48:14+00:00","description":"Erfahre, wie wir deine Daten und deine Privatsph\u00e4re nach EU-Recht sch\u00fctzen. Lies jetzt unsere Richtlinie f\u00fcr vollst\u00e4ndige Transparenz.","breadcrumb":{"@id":"https:\/\/kirkenes-tours.com\/privacy-statement-eu\/#breadcrumb"},"inLanguage":"de","potentialAction":[{"@type":"ReadAction","target":["https:\/\/kirkenes-tours.com\/privacy-statement-eu\/"]}]},{"@type":"ImageObject","inLanguage":"de","@id":"https:\/\/kirkenes-tours.com\/privacy-statement-eu\/#primaryimage","url":"https:\/\/kirkenes-tours.com\/wp-content\/uploads\/2025\/08\/Snow-landscape-Oretoppen-kirkenes-tours.jpg","contentUrl":"https:\/\/kirkenes-tours.com\/wp-content\/uploads\/2025\/08\/Snow-landscape-Oretoppen-kirkenes-tours.jpg","width":1500,"height":1000},{"@type":"BreadcrumbList","@id":"https:\/\/kirkenes-tours.com\/privacy-statement-eu\/#breadcrumb","itemListElement":[{"@type":"ListItem","position":1,"name":"Home","item":"https:\/\/kirkenes-tours.com\/"},{"@type":"ListItem","position":2,"name":"Privacy Statement (EU)"}]},{"@type":"WebSite","@id":"https:\/\/kirkenes-tours.com\/#website","url":"https:\/\/kirkenes-tours.com\/","name":"kirkenes tours","description":"Die besten Aktivit\u00e4ten in Kirkenes in Nordnorwegen","publisher":{"@id":"https:\/\/kirkenes-tours.com\/#organization"},"alternateName":"kirkenes tours","potentialAction":[{"@type":"SearchAction","target":{"@type":"EntryPoint","urlTemplate":"https:\/\/kirkenes-tours.com\/?s={search_term_string}"},"query-input":{"@type":"PropertyValueSpecification","valueRequired":true,"valueName":"search_term_string"}}],"inLanguage":"de"},{"@type":"Organization","@id":"https:\/\/kirkenes-tours.com\/#organization","name":"kirkenes tours","url":"https:\/\/kirkenes-tours.com\/","logo":{"@type":"ImageObject","inLanguage":"de","@id":"https:\/\/kirkenes-tours.com\/#\/schema\/logo\/image\/","url":"https:\/\/kirkenes-tours.com\/wp-content\/uploads\/2025\/09\/kirkenes-tours-logo-with-claim-and-bg.png","contentUrl":"https:\/\/kirkenes-tours.com\/wp-content\/uploads\/2025\/09\/kirkenes-tours-logo-with-claim-and-bg.png","width":1000,"height":1000,"caption":"kirkenes tours"},"image":{"@id":"https:\/\/kirkenes-tours.com\/#\/schema\/logo\/image\/"},"sameAs":["https:\/\/www.facebook.com\/kirkenes.tours\/","https:\/\/www.instagram.com\/kirkenes.tours\/"]}]}},"_links":{"self":[{"href":"https:\/\/kirkenes-tours.com\/de\/wp-json\/wp\/v2\/pages\/2727","targetHints":{"allow":["GET"]}}],"collection":[{"href":"https:\/\/kirkenes-tours.com\/de\/wp-json\/wp\/v2\/pages"}],"about":[{"href":"https:\/\/kirkenes-tours.com\/de\/wp-json\/wp\/v2\/types\/page"}],"author":[{"embeddable":true,"href":"https:\/\/kirkenes-tours.com\/de\/wp-json\/wp\/v2\/users\/3"}],"replies":[{"embeddable":true,"href":"https:\/\/kirkenes-tours.com\/de\/wp-json\/wp\/v2\/comments?post=2727"}],"version-history":[{"count":10,"href":"https:\/\/kirkenes-tours.com\/de\/wp-json\/wp\/v2\/pages\/2727\/revisions"}],"predecessor-version":[{"id":3216,"href":"https:\/\/kirkenes-tours.com\/de\/wp-json\/wp\/v2\/pages\/2727\/revisions\/3216"}],"wp:featuredmedia":[{"embeddable":true,"href":"https:\/\/kirkenes-tours.com\/de\/wp-json\/wp\/v2\/media\/1402"}],"wp:attachment":[{"href":"https:\/\/kirkenes-tours.com\/de\/wp-json\/wp\/v2\/media?parent=2727"}],"curies":[{"name":"wp","href":"https:\/\/api.w.org\/{rel}","templated":true}]}}